{"id":16071,"date":"2023-06-29T20:26:39","date_gmt":"2023-06-29T20:26:39","guid":{"rendered":"https:\/\/www.mairipora.sp.gov.br\/cultura\/?page_id=16071"},"modified":"2023-06-29T20:31:22","modified_gmt":"2023-06-29T20:31:22","slug":"transporte-urbano-mairipora","status":"publish","type":"page","link":"https:\/\/www.mairipora.sp.gov.br\/cultura\/transporte-urbano-mairipora\/","title":{"rendered":"TRANSPORTE URBANO &#8211; itiner\u00e1rios"},"content":{"rendered":"<p>#Acesse abaixo os itiner\u00e1rios do transporte urbano municipal.<br \/>\nImportante: estas informa\u00e7\u00f5es foram coletadas com a empresa respons\u00e1vel em 29 de junho de 2023.<\/p>\n<p><a href=\"https:\/\/www.mairipora.sp.gov.br\/cultura\/wp-content\/uploads\/2023\/06\/1001-SABESP-28.08.pdf\">1001 &#8211; SABESP<\/a><\/p>\n<p><a href=\"https:\/\/www.mairipora.sp.gov.br\/cultura\/wp-content\/uploads\/2023\/06\/1002-PARQUE-NAUTICO.pdf\">1002 &#8211; PARQUE N\u00c1UTICO<\/a><\/p>\n<p><a href=\"https:\/\/www.mairipora.sp.gov.br\/cultura\/wp-content\/uploads\/2023\/06\/1003-SAO-VICENTE.pdf\">1003 &#8211; S\u00c3O VICENTE<\/a><\/p>\n<p><a href=\"https:\/\/www.mairipora.sp.gov.br\/cultura\/wp-content\/uploads\/2023\/06\/1004-REMEDIO.pdf\">1004 &#8211; REM\u00c9DIO<\/a><\/p>\n<p><a href=\"https:\/\/www.mairipora.sp.gov.br\/cultura\/wp-content\/uploads\/2023\/06\/1005-GUAVIRITUVA.pdf\">1005 &#8211; GUAVIRITUVA<\/a><\/p>\n<p><a href=\"https:\/\/www.mairipora.sp.gov.br\/cultura\/wp-content\/uploads\/2023\/06\/1007-MARMELO.pdf\">1007 &#8211; MARMELO<\/a><\/p>\n<p><a href=\"https:\/\/www.mairipora.sp.gov.br\/cultura\/wp-content\/uploads\/2023\/06\/1008-PET.-ALPES.pdf\">1008 &#8211; PET. ALPES<\/a><\/p>\n<p><a href=\"https:\/\/www.mairipora.sp.gov.br\/cultura\/wp-content\/uploads\/2023\/06\/1009-P.-SAUSALITO.pdf\">1009 &#8211; P. SAUSALITO<\/a><\/p>\n<p><a href=\"https:\/\/www.mairipora.sp.gov.br\/cultura\/wp-content\/uploads\/2023\/06\/1011-MATO-DENTRO.pdf\">1011 &#8211; MATO DENTRO<\/a><\/p>\n<p><a href=\"https:\/\/www.mairipora.sp.gov.br\/cultura\/wp-content\/uploads\/2023\/06\/1012-TERRA-PRETA.pdf\">1012 &#8211; TERRA PRETA<\/a><\/p>\n<p><a href=\"https:\/\/www.mairipora.sp.gov.br\/cultura\/wp-content\/uploads\/2023\/06\/1013-CAPOAVINHA.pdf\">1013 -CAPOAVINHA<\/a><\/p>\n<p><a href=\"https:\/\/www.mairipora.sp.gov.br\/cultura\/wp-content\/uploads\/2023\/06\/1016-BARREIRO.pdf\">1016 &#8211; BARREIRO<\/a><\/p>\n<p><a href=\"https:\/\/www.mairipora.sp.gov.br\/cultura\/wp-content\/uploads\/2023\/06\/1017-CACEIA.pdf\">1017 &#8211; CACEIA<\/a><\/p>\n<p><a href=\"https:\/\/www.mairipora.sp.gov.br\/cultura\/wp-content\/uploads\/2023\/06\/1018-PRAINHA.pdf\">1018 &#8211; PRAINHA<\/a><\/p>\n<p><a href=\"https:\/\/www.mairipora.sp.gov.br\/cultura\/wp-content\/uploads\/2023\/06\/1019-PEDREIRA-GORO.pdf\">1019 &#8211; PEDREIRA &#8211; GORO<\/a><\/p>\n<p><a href=\"https:\/\/www.mairipora.sp.gov.br\/cultura\/wp-content\/uploads\/2023\/06\/1025-PEDRA-VERMELHA.pdf\">1025 &#8211; PEDRA VERMELHA<\/a><\/p>\n<p><a href=\"https:\/\/www.mairipora.sp.gov.br\/cultura\/wp-content\/uploads\/2023\/06\/1032-TERRA-PRETA-EXPRESSO.pdf\">1032 -TERRA PRETA EXPRESSO<\/a><\/p>\n<p><a href=\"https:\/\/www.mairipora.sp.gov.br\/cultura\/wp-content\/uploads\/2023\/06\/9540-RIO-ACIMA.pdf\">9540 &#8211; RIO ACIMA<\/a><\/p>\n<p>&nbsp;<\/p>\n<p>&nbsp;<\/p>\n<p>&nbsp;<\/p>\n","protected":false},"excerpt":{"rendered":"<p>#Acesse abaixo os itiner\u00e1rios do transporte urbano municipal. Importante: estas informa\u00e7\u00f5es foram coletadas com a empresa respons\u00e1vel em 29 de junho de 2023. 1001 &#8211;&hellip; <a class=\"continue\" href=\"https:\/\/www.mairipora.sp.gov.br\/cultura\/transporte-urbano-mairipora\/\">Continue Reading<span> TRANSPORTE URBANO &#8211; itiner\u00e1rios<\/span><\/a><\/p>\n","protected":false},"author":1,"featured_media":0,"parent":0,"menu_order":0,"comment_status":"closed","ping_status":"closed","template":"","meta":{"footnotes":""},"class_list":["post-16071","page","type-page","status-publish","hentry"],"_links":{"self":[{"href":"https:\/\/www.mairipora.sp.gov.br\/cultura\/wp-json\/wp\/v2\/pages\/16071","targetHints":{"allow":["GET"]}}],"collection":[{"href":"https:\/\/www.mairipora.sp.gov.br\/cultura\/wp-json\/wp\/v2\/pages"}],"about":[{"href":"https:\/\/www.mairipora.sp.gov.br\/cultura\/wp-json\/wp\/v2\/types\/page"}],"author":[{"embeddable":true,"href":"https:\/\/www.mairipora.sp.gov.br\/cultura\/wp-json\/wp\/v2\/users\/1"}],"replies":[{"embeddable":true,"href":"https:\/\/www.mairipora.sp.gov.br\/cultura\/wp-json\/wp\/v2\/comments?post=16071"}],"version-history":[{"count":3,"href":"https:\/\/www.mairipora.sp.gov.br\/cultura\/wp-json\/wp\/v2\/pages\/16071\/revisions"}],"predecessor-version":[{"id":16092,"href":"https:\/\/www.mairipora.sp.gov.br\/cultura\/wp-json\/wp\/v2\/pages\/16071\/revisions\/16092"}],"wp:attachment":[{"href":"https:\/\/www.mairipora.sp.gov.br\/cultura\/wp-json\/wp\/v2\/media?parent=16071"}],"curies":[{"name":"wp","href":"https:\/\/api.w.org\/{rel}","templated":true}]}}